{"id":15,"date":"2018-12-03T13:43:31","date_gmt":"2018-12-03T13:43:31","guid":{"rendered":"https:\/\/intropln.unizar.es\/?page_id=15"},"modified":"2024-09-11T13:03:31","modified_gmt":"2024-09-11T11:03:31","slug":"inicio","status":"publish","type":"page","link":"https:\/\/intropln.unizar.es\/","title":{"rendered":"Inicio"},"content":{"rendered":"<p>\u201c<strong>Introducci\u00f3n al procesamiento del lenguaje natural<\/strong>\u201d es una\u00a0<a href=\"https:\/\/academico.unizar.es\/grado-y-master\/reconocimiento-y-transferencia-de-creditos\/actividades-curso-actual\" target=\"_blank\" rel=\"noopener noreferrer\">actividad universitaria complementaria de caracter transversal<\/a> ofrecida por la Universidad de Zaragoza a sus alumnos de grado para el curso 2024-25 (segundo cuatrimeste) y coordinada por <a href=\"http:\/\/jogracia.url.ph\/web\/\" target=\"_blank\" rel=\"noopener noreferrer\">Jorge Gracia del R\u00edo<\/a>.<\/p>\n<p>El <strong>procesamiento del lenguaje natural<\/strong> (PLN) es la rama de la <strong>inteligencia artificial<\/strong> que estudia la <strong>interacci\u00f3n entre las computadoras y el lenguaje humano<\/strong> con el fin de procesar e interpretar el lenguaje humano mediante modelos formales y m\u00e9todos algor\u00edtmicos y estad\u00edsticos.. Es un \u00e1rea que se ubica en la intersecci\u00f3n entre las ciencias de la computaci\u00f3n, la inteligencia artificial y la ling\u00fc\u00edstica. Sus aplicaciones son m\u00faltiples y van desde los agentes conversacionales (ej.: <strong>ChatGPT<\/strong>), el an\u00e1lisis de sentimientos en redes sociales, la traducci\u00f3n autom\u00e1tica, o la b\u00fasqueda de informaci\u00f3n en la Web. Tambi\u00e9n los estudios en ling\u00fc\u00edstica y humanidades se pueden beneficiar de dichas t\u00e9cnicas para realizar tareas como extracci\u00f3n de terminolog\u00edas, clasificaci\u00f3n de textos, etc.<\/p>\n<p>Este curso introducir\u00e1 al alumno en el tema del PLN y las tecnolog\u00edas que lo sustentan, dando una visi\u00f3n general con un<strong> enfoque divulgativo y pr\u00e1ctico<\/strong> y sin entrar a fondo en sus formalismos te\u00f3ricos.<\/p>\n<p><a href=\"https:\/\/intropln.unizar.es\/?page_id=17\">Informaci\u00f3n del curso<\/a><\/p>\n\n\n<p><\/p>\n","protected":false},"excerpt":{"rendered":"<p>\u201cIntroducci\u00f3n al procesamiento del lenguaje natural\u201d es una\u00a0actividad universitaria complementaria de caracter transversal ofrecida por la Universidad de Zaragoza a sus alumnos de grado para el curso 2024-25 (segundo cuatrimeste) y coordinada por Jorge Gracia del R\u00edo. El procesamiento del lenguaje natural (PLN) es la rama de la inteligencia artificial que estudia la interacci\u00f3n entre &hellip; <a href=\"https:\/\/intropln.unizar.es\/\" class=\"more-link\">Sigue leyendo <span class=\"screen-reader-text\">Inicio<\/span><\/a><\/p>\n","protected":false},"author":1,"featured_media":45,"parent":0,"menu_order":0,"comment_status":"closed","ping_status":"closed","template":"","meta":{"footnotes":""},"class_list":["post-15","page","type-page","status-publish","has-post-thumbnail","hentry"],"_links":{"self":[{"href":"https:\/\/intropln.unizar.es\/index.php?rest_route=\/wp\/v2\/pages\/15","targetHints":{"allow":["GET"]}}],"collection":[{"href":"https:\/\/intropln.unizar.es\/index.php?rest_route=\/wp\/v2\/pages"}],"about":[{"href":"https:\/\/intropln.unizar.es\/index.php?rest_route=\/wp\/v2\/types\/page"}],"author":[{"embeddable":true,"href":"https:\/\/intropln.unizar.es\/index.php?rest_route=\/wp\/v2\/users\/1"}],"replies":[{"embeddable":true,"href":"https:\/\/intropln.unizar.es\/index.php?rest_route=%2Fwp%2Fv2%2Fcomments&post=15"}],"version-history":[{"count":2,"href":"https:\/\/intropln.unizar.es\/index.php?rest_route=\/wp\/v2\/pages\/15\/revisions"}],"predecessor-version":[{"id":59,"href":"https:\/\/intropln.unizar.es\/index.php?rest_route=\/wp\/v2\/pages\/15\/revisions\/59"}],"wp:featuredmedia":[{"embeddable":true,"href":"https:\/\/intropln.unizar.es\/index.php?rest_route=\/wp\/v2\/media\/45"}],"wp:attachment":[{"href":"https:\/\/intropln.unizar.es\/index.php?rest_route=%2Fwp%2Fv2%2Fmedia&parent=15"}],"curies":[{"name":"wp","href":"https:\/\/api.w.org\/{rel}","templated":true}]}}